{"id":4962,"date":"2023-03-25T20:27:00","date_gmt":"2023-03-26T00:27:00","guid":{"rendered":"https:\/\/www.www.locationremorquelaval.ca\/vehicules\/"},"modified":"2023-12-13T13:25:29","modified_gmt":"2023-12-13T17:25:29","slug":"vehicules","status":"publish","type":"page","link":"https:\/\/locationremorque.staging.wboitemedia.com\/en\/vehicules\/","title":{"rendered":"Vehicules"},"content":{"rendered":"\t\t<div data-elementor-type=\"wp-page\" data-elementor-id=\"4962\" class=\"elementor elementor-4962 elementor-4940\" data-elementor-post-type=\"page\">\n\t\t\t\t\t\t<section class=\"elementor-section elementor-top-section elementor-element elementor-element-3f2a33b8 elementor-section-boxed elementor-section-height-default elementor-section-height-default\" data-id=\"3f2a33b8\" data-element_type=\"section\">\n\t\t\t\t\t\t<div class=\"elementor-container elementor-column-gap-default\">\n\t\t\t\t\t<div class=\"elementor-column elementor-col-100 elementor-top-column elementor-element elementor-element-2d4fd911\" data-id=\"2d4fd911\" data-element_type=\"column\">\n\t\t\t<div class=\"elementor-widget-wrap elementor-element-populated\">\n\t\t\t\t\t\t<div class=\"elementor-element elementor-element-3f17a59d elementor-widget elementor-widget-heading\" data-id=\"3f17a59d\" data-element_type=\"widget\" data-widget_type=\"heading.default\">\n\t\t\t\t<div class=\"elementor-widget-container\">\n\t\t\t<h2 class=\"elementor-heading-title elementor-size-xl\">VEHICULES, CONSTRUCTION MACHINERY AND TRAILER BOOM<\/h2>\t\t<\/div>\n\t\t\t\t<\/div>\n\t\t\t\t<div class=\"elementor-element elementor-element-abed2dc elementor-widget elementor-widget-heading\" data-id=\"abed2dc\" data-element_type=\"widget\" data-widget_type=\"heading.default\">\n\t\t\t\t<div class=\"elementor-widget-container\">\n\t\t\t<h3 class=\"elementor-heading-title elementor-size-xl\">On the road<\/h3>\t\t<\/div>\n\t\t\t\t<\/div>\n\t\t\t\t<div class=\"elementor-element elementor-element-4ace526 elementor-widget elementor-widget-heading\" data-id=\"4ace526\" data-element_type=\"widget\" data-widget_type=\"heading.default\">\n\t\t\t\t<div class=\"elementor-widget-container\">\n\t\t\t<h6 class=\"elementor-heading-title elementor-size-default\">Discover at Laval Trailer Rentals our selection of robust trucks, specially adapted for towing our trailers and transporting heavy loads. Ideal for construction needs, moving, or any project requiring reliable and secure transport, our trucks offer performance and versatility to meet your professional requirements.<\/h6>\t\t<\/div>\n\t\t\t\t<\/div>\n\t\t\t\t\t<\/div>\n\t\t<\/div>\n\t\t\t\t\t<\/div>\n\t\t<\/section>\n\t\t\t\t<section class=\"elementor-section elementor-top-section elementor-element elementor-element-10e31321 elementor-section-boxed elementor-section-height-default elementor-section-height-default\" data-id=\"10e31321\" data-element_type=\"section\">\n\t\t\t\t\t\t<div class=\"elementor-container elementor-column-gap-default\">\n\t\t\t\t\t<div class=\"elementor-column elementor-col-100 elementor-top-column elementor-element elementor-element-53ae3382\" data-id=\"53ae3382\" data-element_type=\"column\">\n\t\t\t<div class=\"elementor-widget-wrap elementor-element-populated\">\n\t\t\t\t\t\t<section class=\"elementor-section elementor-inner-section elementor-element elementor-element-7b7d668d elementor-section-full_width elementor-section-height-default elementor-section-height-default\" data-id=\"7b7d668d\" data-element_type=\"section\">\n\t\t\t\t\t\t<div class=\"elementor-container elementor-column-gap-default\">\n\t\t\t\t\t<div class=\"elementor-column elementor-col-50 elementor-inner-column elementor-element elementor-element-76a02645\" data-id=\"76a02645\" data-element_type=\"column\">\n\t\t\t<div class=\"elementor-widget-wrap elementor-element-populated\">\n\t\t\t\t\t\t<div class=\"elementor-element elementor-element-1a77f431 elementor-widget elementor-widget-heading\" data-id=\"1a77f431\" data-element_type=\"widget\" data-widget_type=\"heading.default\">\n\t\t\t\t<div class=\"elementor-widget-container\">\n\t\t\t<h5 class=\"elementor-heading-title elementor-size-default\"><a href=\"https:\/\/en.locationremorquelaval.ca\/vehicule-ford-f250-superduty\/\" target=\"_blank\" rel=\"noopener\">Ford F250 SuperDuty<\/a><\/h5>\t\t<\/div>\n\t\t\t\t<\/div>\n\t\t\t\t<div class=\"elementor-element elementor-element-3c741b59 elementor-widget elementor-widget-image\" data-id=\"3c741b59\" data-element_type=\"widget\" data-widget_type=\"image.default\">\n\t\t\t\t<div class=\"elementor-widget-container\">\n\t\t\t\t\t\t\t\t\t\t\t\t\t\t<a href=\"https:\/\/en.locationremorquelaval.ca\/vehicule-ford-f250-superduty\/\" target=\"_blank\" rel=\"noopener\">\n\t\t\t\t\t\t\t<img fetchpriority=\"high\" decoding=\"async\" width=\"300\" height=\"182\" src=\"https:\/\/locationremorque.staging.wboitemedia.com\/wp-content\/uploads\/2023\/03\/FordF250-300x182.jpg\" class=\"attachment-medium size-medium wp-image-4951\" alt=\"Image montrant un Ford F250 chez Location Remorque Laval\" srcset=\"https:\/\/locationremorque.staging.wboitemedia.com\/wp-content\/uploads\/2023\/03\/FordF250-300x182.jpg 300w, https:\/\/locationremorque.staging.wboitemedia.com\/wp-content\/uploads\/2023\/03\/FordF250-700x426.jpg 700w, https:\/\/locationremorque.staging.wboitemedia.com\/wp-content\/uploads\/2023\/03\/FordF250-800x486.jpg 800w, https:\/\/locationremorque.staging.wboitemedia.com\/wp-content\/uploads\/2023\/03\/FordF250-768x467.jpg 768w, https:\/\/locationremorque.staging.wboitemedia.com\/wp-content\/uploads\/2023\/03\/FordF250.jpg 1000w\" sizes=\"(max-width: 300px) 100vw, 300px\" \/>\t\t\t\t\t\t\t\t<\/a>\n\t\t\t\t\t\t\t\t\t\t\t\t\t<\/div>\n\t\t\t\t<\/div>\n\t\t\t\t\t<\/div>\n\t\t<\/div>\n\t\t\t\t<div class=\"elementor-column elementor-col-50 elementor-inner-column elementor-element elementor-element-3129367\" data-id=\"3129367\" data-element_type=\"column\">\n\t\t\t<div class=\"elementor-widget-wrap elementor-element-populated\">\n\t\t\t\t\t\t<div class=\"elementor-element elementor-element-870ada0 elementor-widget elementor-widget-heading\" data-id=\"870ada0\" data-element_type=\"widget\" data-widget_type=\"heading.default\">\n\t\t\t\t<div class=\"elementor-widget-container\">\n\t\t\t<h5 class=\"elementor-heading-title elementor-size-default\"><a href=\"https:\/\/en.locationremorquelaval.ca\/vehicle-dodge-ram-3500-dual-wheels\/\" target=\"_blank\" rel=\"noopener\">Dodge Ram 3500 Double wheels<\/a><\/h5>\t\t<\/div>\n\t\t\t\t<\/div>\n\t\t\t\t<div class=\"elementor-element elementor-element-1e41b2f elementor-widget elementor-widget-image\" data-id=\"1e41b2f\" data-element_type=\"widget\" data-widget_type=\"image.default\">\n\t\t\t\t<div class=\"elementor-widget-container\">\n\t\t\t\t\t\t\t\t\t\t\t\t\t\t<a href=\"https:\/\/en.locationremorquelaval.ca\/vehicle-dodge-ram-3500-dual-wheels\/\" target=\"_blank\" rel=\"noopener\">\n\t\t\t\t\t\t\t<img decoding=\"async\" width=\"300\" height=\"157\" src=\"https:\/\/locationremorque.staging.wboitemedia.com\/wp-content\/uploads\/2023\/03\/DodgeRam3500-300x157.jpg\" class=\"attachment-medium size-medium wp-image-4954\" alt=\"Image montrant un Dodge Ram 3500 chez Location Remorque Laval. Dans la cat\u00e9gorie V\u00e9hicules &amp; engins de chantier.\" srcset=\"https:\/\/locationremorque.staging.wboitemedia.com\/wp-content\/uploads\/2023\/03\/DodgeRam3500-300x157.jpg 300w, https:\/\/locationremorque.staging.wboitemedia.com\/wp-content\/uploads\/2023\/03\/DodgeRam3500-700x365.jpg 700w, https:\/\/locationremorque.staging.wboitemedia.com\/wp-content\/uploads\/2023\/03\/DodgeRam3500-800x418.jpg 800w, https:\/\/locationremorque.staging.wboitemedia.com\/wp-content\/uploads\/2023\/03\/DodgeRam3500-768x401.jpg 768w, https:\/\/locationremorque.staging.wboitemedia.com\/wp-content\/uploads\/2023\/03\/DodgeRam3500.jpg 1000w\" sizes=\"(max-width: 300px) 100vw, 300px\" \/>\t\t\t\t\t\t\t\t<\/a>\n\t\t\t\t\t\t\t\t\t\t\t\t\t<\/div>\n\t\t\t\t<\/div>\n\t\t\t\t\t<\/div>\n\t\t<\/div>\n\t\t\t\t\t<\/div>\n\t\t<\/section>\n\t\t\t\t\t<\/div>\n\t\t<\/div>\n\t\t\t\t\t<\/div>\n\t\t<\/section>\n\t\t\t\t<section class=\"elementor-section elementor-top-section elementor-element elementor-element-08d8b75 elementor-section-boxed elementor-section-height-default elementor-section-height-default\" data-id=\"08d8b75\" data-element_type=\"section\">\n\t\t\t\t\t\t<div class=\"elementor-container elementor-column-gap-default\">\n\t\t\t\t\t<div class=\"elementor-column elementor-col-100 elementor-top-column elementor-element elementor-element-b24f443\" data-id=\"b24f443\" data-element_type=\"column\">\n\t\t\t<div class=\"elementor-widget-wrap elementor-element-populated\">\n\t\t\t\t\t\t<div class=\"elementor-element elementor-element-78f7f47 elementor-widget elementor-widget-heading\" data-id=\"78f7f47\" data-element_type=\"widget\" data-widget_type=\"heading.default\">\n\t\t\t\t<div class=\"elementor-widget-container\">\n\t\t\t<h3 class=\"elementor-heading-title elementor-size-xl\">Construction machinery<\/h3>\t\t<\/div>\n\t\t\t\t<\/div>\n\t\t\t\t<div class=\"elementor-element elementor-element-9ca270a elementor-widget elementor-widget-heading\" data-id=\"9ca270a\" data-element_type=\"widget\" data-widget_type=\"heading.default\">\n\t\t\t\t<div class=\"elementor-widget-container\">\n\t\t\t<h6 class=\"elementor-heading-title elementor-size-default\">Explore our range of construction machinery and professional excavators at Laval Trailer Rentals. Perfect for all types of work, our excavators ensure efficiency and reliability. Whether you need equipment for construction, renovation, or industrial projects, we offer solutions tailored to your excavation and handling requirements.<\/h6>\t\t<\/div>\n\t\t\t\t<\/div>\n\t\t\t\t\t<\/div>\n\t\t<\/div>\n\t\t\t\t\t<\/div>\n\t\t<\/section>\n\t\t\t\t<section class=\"elementor-section elementor-top-section elementor-element elementor-element-2bbf992 elementor-section-boxed elementor-section-height-default elementor-section-height-default\" data-id=\"2bbf992\" data-element_type=\"section\">\n\t\t\t\t\t\t<div class=\"elementor-container elementor-column-gap-default\">\n\t\t\t\t\t<div class=\"elementor-column elementor-col-100 elementor-top-column elementor-element elementor-element-be4f05f\" data-id=\"be4f05f\" data-element_type=\"column\">\n\t\t\t<div class=\"elementor-widget-wrap elementor-element-populated\">\n\t\t\t\t\t\t<section class=\"elementor-section elementor-inner-section elementor-element elementor-element-f5e47fc elementor-section-full_width elementor-section-height-default elementor-section-height-default\" data-id=\"f5e47fc\" data-element_type=\"section\">\n\t\t\t\t\t\t<div class=\"elementor-container elementor-column-gap-default\">\n\t\t\t\t\t<div class=\"elementor-column elementor-col-50 elementor-inner-column elementor-element elementor-element-33fd595\" data-id=\"33fd595\" data-element_type=\"column\">\n\t\t\t<div class=\"elementor-widget-wrap elementor-element-populated\">\n\t\t\t\t\t\t<div class=\"elementor-element elementor-element-433f90d elementor-widget elementor-widget-heading\" data-id=\"433f90d\" data-element_type=\"widget\" data-widget_type=\"heading.default\">\n\t\t\t\t<div class=\"elementor-widget-container\">\n\t\t\t<h5 class=\"elementor-heading-title elementor-size-default\"><a href=\"https:\/\/en.locationremorquelaval.ca\/vehicule_johndeer-17g\/\" target=\"_blank\" rel=\"noopener\">John Deere 17G Excavator <\/a><\/h5>\t\t<\/div>\n\t\t\t\t<\/div>\n\t\t\t\t<div class=\"elementor-element elementor-element-bd6abd0 elementor-widget elementor-widget-image\" data-id=\"bd6abd0\" data-element_type=\"widget\" data-widget_type=\"image.default\">\n\t\t\t\t<div class=\"elementor-widget-container\">\n\t\t\t\t\t\t\t\t\t\t\t\t\t\t<a href=\"https:\/\/en.locationremorquelaval.ca\/vehicule_johndeer-17g\/\" target=\"_blank\" rel=\"noopener\">\n\t\t\t\t\t\t\t<img decoding=\"async\" width=\"300\" height=\"227\" src=\"https:\/\/locationremorque.staging.wboitemedia.com\/wp-content\/uploads\/2023\/04\/Excav_JD-17G_mini.jpg\" class=\"attachment-medium size-medium wp-image-5286\" alt=\"Image montrant une\" \/>\t\t\t\t\t\t\t\t<\/a>\n\t\t\t\t\t\t\t\t\t\t\t\t\t<\/div>\n\t\t\t\t<\/div>\n\t\t\t\t\t<\/div>\n\t\t<\/div>\n\t\t\t\t<div class=\"elementor-column elementor-col-50 elementor-inner-column elementor-element elementor-element-10bceb6\" data-id=\"10bceb6\" data-element_type=\"column\">\n\t\t\t<div class=\"elementor-widget-wrap elementor-element-populated\">\n\t\t\t\t\t\t<div class=\"elementor-element elementor-element-c917bb5 elementor-widget elementor-widget-heading\" data-id=\"c917bb5\" data-element_type=\"widget\" data-widget_type=\"heading.default\">\n\t\t\t\t<div class=\"elementor-widget-container\">\n\t\t\t<h5 class=\"elementor-heading-title elementor-size-default\"><a href=\"https:\/\/en.locationremorquelaval.ca\/vehicule_johndeer-35g\/\" target=\"_blank\" rel=\"noopener\">John Deere 35G Excavator <\/a><\/h5>\t\t<\/div>\n\t\t\t\t<\/div>\n\t\t\t\t<div class=\"elementor-element elementor-element-742da33 elementor-widget elementor-widget-image\" data-id=\"742da33\" data-element_type=\"widget\" data-widget_type=\"image.default\">\n\t\t\t\t<div class=\"elementor-widget-container\">\n\t\t\t\t\t\t\t\t\t\t\t\t\t\t<a href=\"https:\/\/en.locationremorquelaval.ca\/vehicule_johndeer-35g\/\" target=\"_blank\" rel=\"noopener\">\n\t\t\t\t\t\t\t<img loading=\"lazy\" decoding=\"async\" width=\"300\" height=\"197\" src=\"https:\/\/locationremorque.staging.wboitemedia.com\/wp-content\/uploads\/2023\/04\/Excav_JD-35G-2_mini.jpg\" class=\"attachment-medium size-medium wp-image-5284\" alt=\"Image montrant une Excavatrice John Deere 35G \u200b\u00e0 louer chez Location Remorque Laval \u00e0 Laval.\" \/>\t\t\t\t\t\t\t\t<\/a>\n\t\t\t\t\t\t\t\t\t\t\t\t\t<\/div>\n\t\t\t\t<\/div>\n\t\t\t\t\t<\/div>\n\t\t<\/div>\n\t\t\t\t\t<\/div>\n\t\t<\/section>\n\t\t\t\t\t<\/div>\n\t\t<\/div>\n\t\t\t\t\t<\/div>\n\t\t<\/section>\n\t\t\t\t<section class=\"elementor-section elementor-top-section elementor-element elementor-element-2dc8b874 elementor-section-boxed elementor-section-height-default elementor-section-height-default\" data-id=\"2dc8b874\" data-element_type=\"section\">\n\t\t\t\t\t\t<div class=\"elementor-container elementor-column-gap-default\">\n\t\t\t\t\t<div class=\"elementor-column elementor-col-100 elementor-top-column elementor-element elementor-element-24778b04\" data-id=\"24778b04\" data-element_type=\"column\">\n\t\t\t<div class=\"elementor-widget-wrap elementor-element-populated\">\n\t\t\t\t\t\t<div class=\"elementor-element elementor-element-2630542a elementor-widget elementor-widget-heading\" data-id=\"2630542a\" data-element_type=\"widget\" data-widget_type=\"heading.default\">\n\t\t\t\t<div class=\"elementor-widget-container\">\n\t\t\t<h3 class=\"elementor-heading-title elementor-size-xl\">Manlift<\/h3>\t\t<\/div>\n\t\t\t\t<\/div>\n\t\t\t\t<div class=\"elementor-element elementor-element-e842975 elementor-widget elementor-widget-heading\" data-id=\"e842975\" data-element_type=\"widget\" data-widget_type=\"heading.default\">\n\t\t\t\t<div class=\"elementor-widget-container\">\n\t\t\t<h6 class=\"elementor-heading-title elementor-size-default\">Discover our extensive selection of aerial lifts and trailer-mounted boom lifts in Laval. Laval Trailer Rentals provides reliable and safe solutions for all your lifting needs, whether it's for high-rise work, construction sites, or special events. Our equipment, ranging from telescopic to articulated boom lifts, ensures performance and flexibility.<\/h6>\t\t<\/div>\n\t\t\t\t<\/div>\n\t\t\t\t\t<\/div>\n\t\t<\/div>\n\t\t\t\t\t<\/div>\n\t\t<\/section>\n\t\t\t\t<section class=\"elementor-section elementor-top-section elementor-element elementor-element-b3ca5d0 elementor-section-boxed elementor-section-height-default elementor-section-height-default\" data-id=\"b3ca5d0\" data-element_type=\"section\">\n\t\t\t\t\t\t<div class=\"elementor-container elementor-column-gap-default\">\n\t\t\t\t\t<div class=\"elementor-column elementor-col-100 elementor-top-column elementor-element elementor-element-449b3c0\" data-id=\"449b3c0\" data-element_type=\"column\">\n\t\t\t<div class=\"elementor-widget-wrap elementor-element-populated\">\n\t\t\t\t\t\t<section class=\"elementor-section elementor-inner-section elementor-element elementor-element-1367995 elementor-section-full_width elementor-section-height-default elementor-section-height-default\" data-id=\"1367995\" data-element_type=\"section\">\n\t\t\t\t\t\t<div class=\"elementor-container elementor-column-gap-default\">\n\t\t\t\t\t<div class=\"elementor-column elementor-col-50 elementor-inner-column elementor-element elementor-element-d256940\" data-id=\"d256940\" data-element_type=\"column\">\n\t\t\t<div class=\"elementor-widget-wrap elementor-element-populated\">\n\t\t\t\t\t\t<div class=\"elementor-element elementor-element-3bd8245 elementor-widget elementor-widget-heading\" data-id=\"3bd8245\" data-element_type=\"widget\" data-widget_type=\"heading.default\">\n\t\t\t\t<div class=\"elementor-widget-container\">\n\t\t\t<h5 class=\"elementor-heading-title elementor-size-default\"><a href=\"https:\/\/en.locationremorquelaval.ca\/\" target=\"_blank\" rel=\"noopener\">Acissor lift (Skylift) 3219<\/a><\/h5>\t\t<\/div>\n\t\t\t\t<\/div>\n\t\t\t\t<div class=\"elementor-element elementor-element-681446d elementor-widget elementor-widget-image\" data-id=\"681446d\" data-element_type=\"widget\" data-widget_type=\"image.default\">\n\t\t\t\t<div class=\"elementor-widget-container\">\n\t\t\t\t\t\t\t\t\t\t\t\t\t\t<a href=\"https:\/\/en.locationremorquelaval.ca\/\" target=\"_blank\" rel=\"noopener\">\n\t\t\t\t\t\t\t<img loading=\"lazy\" decoding=\"async\" width=\"300\" height=\"227\" src=\"https:\/\/locationremorque.staging.wboitemedia.com\/wp-content\/uploads\/2023\/05\/Skyjack_3219_mini-1.jpg\" class=\"attachment-medium size-medium wp-image-5443\" alt=\"Image montrant un \u00c9l\u00e9vateur \u00e0 ciseau (skylift) 3219 \u00e0 louer chez Location Remorque \u00e0 Laval.\" \/>\t\t\t\t\t\t\t\t<\/a>\n\t\t\t\t\t\t\t\t\t\t\t\t\t<\/div>\n\t\t\t\t<\/div>\n\t\t\t\t\t<\/div>\n\t\t<\/div>\n\t\t\t\t<div class=\"elementor-column elementor-col-50 elementor-inner-column elementor-element elementor-element-d26ccdd\" data-id=\"d26ccdd\" data-element_type=\"column\">\n\t\t\t<div class=\"elementor-widget-wrap elementor-element-populated\">\n\t\t\t\t\t\t<div class=\"elementor-element elementor-element-d1a9b91 elementor-widget elementor-widget-heading\" data-id=\"d1a9b91\" data-element_type=\"widget\" data-widget_type=\"heading.default\">\n\t\t\t\t<div class=\"elementor-widget-container\">\n\t\t\t<h5 class=\"elementor-heading-title elementor-size-default\"><a href=\"https:\/\/en.locationremorquelaval.ca\/\" target=\"_blank\" rel=\"noopener\">Scissor lift (Skylift) 4726<\/a><\/h5>\t\t<\/div>\n\t\t\t\t<\/div>\n\t\t\t\t<div class=\"elementor-element elementor-element-ed99183 elementor-widget elementor-widget-image\" data-id=\"ed99183\" data-element_type=\"widget\" data-widget_type=\"image.default\">\n\t\t\t\t<div class=\"elementor-widget-container\">\n\t\t\t\t\t\t\t\t\t\t\t\t\t\t<a href=\"https:\/\/en.locationremorquelaval.ca\/\" target=\"_blank\" rel=\"noopener\">\n\t\t\t\t\t\t\t<img loading=\"lazy\" decoding=\"async\" width=\"300\" height=\"227\" src=\"https:\/\/locationremorque.staging.wboitemedia.com\/wp-content\/uploads\/2023\/05\/Skyjack_4732_mini-1.jpg\" class=\"attachment-medium size-medium wp-image-5445\" alt=\"Image montrant un \u00c9l\u00e9vateur \u00e0 ciseau (skylift) 4726\u200b \u00e0 louer chez Location Remorque Laval \u00e0 Laval.\" \/>\t\t\t\t\t\t\t\t<\/a>\n\t\t\t\t\t\t\t\t\t\t\t\t\t<\/div>\n\t\t\t\t<\/div>\n\t\t\t\t\t<\/div>\n\t\t<\/div>\n\t\t\t\t\t<\/div>\n\t\t<\/section>\n\t\t\t\t<section class=\"elementor-section elementor-inner-section elementor-element elementor-element-9fea3e3 elementor-section-full_width elementor-section-height-default elementor-section-height-default\" data-id=\"9fea3e3\" data-element_type=\"section\">\n\t\t\t\t\t\t<div class=\"elementor-container elementor-column-gap-default\">\n\t\t\t\t\t<div class=\"elementor-column elementor-col-50 elementor-inner-column elementor-element elementor-element-62d48e7\" data-id=\"62d48e7\" data-element_type=\"column\">\n\t\t\t<div class=\"elementor-widget-wrap elementor-element-populated\">\n\t\t\t\t\t\t<div class=\"elementor-element elementor-element-a26f5ad elementor-widget elementor-widget-heading\" data-id=\"a26f5ad\" data-element_type=\"widget\" data-widget_type=\"heading.default\">\n\t\t\t\t<div class=\"elementor-widget-container\">\n\t\t\t<h5 class=\"elementor-heading-title elementor-size-default\"><a href=\"https:\/\/en.locationremorquelaval.ca\/nacelle_34pi\/\" target=\"_blank\" rel=\"noopener\">Trailer boom 34 feet<\/a><\/h5>\t\t<\/div>\n\t\t\t\t<\/div>\n\t\t\t\t<div class=\"elementor-element elementor-element-7e15189 elementor-widget elementor-widget-image\" data-id=\"7e15189\" data-element_type=\"widget\" data-widget_type=\"image.default\">\n\t\t\t\t<div class=\"elementor-widget-container\">\n\t\t\t\t\t\t\t\t\t\t\t\t\t\t<a href=\"https:\/\/en.locationremorquelaval.ca\/nacelle_34pi\/\" target=\"_blank\" rel=\"noopener\">\n\t\t\t\t\t\t\t<img loading=\"lazy\" decoding=\"async\" width=\"300\" height=\"227\" src=\"https:\/\/locationremorque.staging.wboitemedia.com\/wp-content\/uploads\/2023\/05\/Niftylift_TOM34_mini-1.jpg\" class=\"attachment-medium size-medium wp-image-5615\" alt=\"Image montrant une Nacelle remorque 34 pi\u200b en couleur verte \u00e0 louer chez Location Remorque Laval \u00e0 Laval.\" \/>\t\t\t\t\t\t\t\t<\/a>\n\t\t\t\t\t\t\t\t\t\t\t\t\t<\/div>\n\t\t\t\t<\/div>\n\t\t\t\t\t<\/div>\n\t\t<\/div>\n\t\t\t\t<div class=\"elementor-column elementor-col-50 elementor-inner-column elementor-element elementor-element-6f79e7e\" data-id=\"6f79e7e\" data-element_type=\"column\">\n\t\t\t<div class=\"elementor-widget-wrap elementor-element-populated\">\n\t\t\t\t\t\t<div class=\"elementor-element elementor-element-24c380f elementor-widget elementor-widget-heading\" data-id=\"24c380f\" data-element_type=\"widget\" data-widget_type=\"heading.default\">\n\t\t\t\t<div class=\"elementor-widget-container\">\n\t\t\t<h5 class=\"elementor-heading-title elementor-size-default\"><a href=\"https:\/\/en.locationremorquelaval.ca\/nacelle_50pi\/\" target=\"_blank\" rel=\"noopener\">Trailer boom 50 feet<\/a><\/h5>\t\t<\/div>\n\t\t\t\t<\/div>\n\t\t\t\t<div class=\"elementor-element elementor-element-2234e31 elementor-widget elementor-widget-image\" data-id=\"2234e31\" data-element_type=\"widget\" data-widget_type=\"image.default\">\n\t\t\t\t<div class=\"elementor-widget-container\">\n\t\t\t\t\t\t\t\t\t\t\t\t\t\t<a href=\"https:\/\/en.locationremorquelaval.ca\/nacelle_50pi\/\" target=\"_blank\" rel=\"noopener\">\n\t\t\t\t\t\t\t<img loading=\"lazy\" decoding=\"async\" width=\"300\" height=\"227\" src=\"https:\/\/locationremorque.staging.wboitemedia.com\/wp-content\/uploads\/2023\/05\/Niftylift_TM50_mini-1.jpg\" class=\"attachment-medium size-medium wp-image-5617\" alt=\"Image montrant une Nacelle remorque 50 pi\u200b verte \u00e0 louer chez Location Remorque Laval \u00e0 Laval.\" \/>\t\t\t\t\t\t\t\t<\/a>\n\t\t\t\t\t\t\t\t\t\t\t\t\t<\/div>\n\t\t\t\t<\/div>\n\t\t\t\t\t<\/div>\n\t\t<\/div>\n\t\t\t\t\t<\/div>\n\t\t<\/section>\n\t\t\t\t<section class=\"elementor-section elementor-inner-section elementor-element elementor-element-e5fb0e6 elementor-section-full_width elementor-section-height-default elementor-section-height-default\" data-id=\"e5fb0e6\" data-element_type=\"section\">\n\t\t\t\t\t\t<div class=\"elementor-container elementor-column-gap-default\">\n\t\t\t\t\t<div class=\"elementor-column elementor-col-50 elementor-inner-column elementor-element elementor-element-0e3e165\" data-id=\"0e3e165\" data-element_type=\"column\">\n\t\t\t<div class=\"elementor-widget-wrap elementor-element-populated\">\n\t\t\t\t\t\t<div class=\"elementor-element elementor-element-eddc4ad elementor-widget elementor-widget-heading\" data-id=\"eddc4ad\" data-element_type=\"widget\" data-widget_type=\"heading.default\">\n\t\t\t\t<div class=\"elementor-widget-container\">\n\t\t\t<h5 class=\"elementor-heading-title elementor-size-default\"><a href=\"https:\/\/en.locationremorquelaval.ca\/nacelle_65pi\/\" target=\"_blank\" rel=\"noopener\">Trailer boom 65 feet<\/a><\/h5>\t\t<\/div>\n\t\t\t\t<\/div>\n\t\t\t\t<div class=\"elementor-element elementor-element-12c5c74 elementor-widget elementor-widget-image\" data-id=\"12c5c74\" data-element_type=\"widget\" data-widget_type=\"image.default\">\n\t\t\t\t<div class=\"elementor-widget-container\">\n\t\t\t\t\t\t\t\t\t\t\t\t\t\t<a href=\"https:\/\/en.locationremorquelaval.ca\/nacelle_65pi\/\" target=\"_blank\" rel=\"noopener\">\n\t\t\t\t\t\t\t<img loading=\"lazy\" decoding=\"async\" width=\"300\" height=\"227\" src=\"https:\/\/locationremorque.staging.wboitemedia.com\/wp-content\/uploads\/2023\/05\/Haulotte5533A_mini-1.jpg\" class=\"attachment-medium size-medium wp-image-5619\" alt=\"Image montrant une Nacelle remorque 50 pi\u200b verte \u00e0 louer chez Location Remorque Laval \u00e0 Laval. Nacelle remorque t\u00e9lescopique longue port\u00e9e 50 pi. Louer nacelle pour \u00e9v\u00e9nements sp\u00e9ciaux 50 pieds. Location nacelle facile \u00e0 utiliser 50 pi. Nacelle 50 pieds pour travaux ext\u00e9rieurs. Nacelle remorque \u00e9lectrique 50 pieds. Location nacelle remorque 50 pieds. Nacelle remorque 50 pi \u00e0 louer. Louer nacelle 50 pieds sur remorque. Location nacelle a\u00e9rienne 50 pi. Location nacelle \u00e9l\u00e9vatrice 50 pieds.\" \/>\t\t\t\t\t\t\t\t<\/a>\n\t\t\t\t\t\t\t\t\t\t\t\t\t<\/div>\n\t\t\t\t<\/div>\n\t\t\t\t\t<\/div>\n\t\t<\/div>\n\t\t\t\t<div class=\"elementor-column elementor-col-50 elementor-inner-column elementor-element elementor-element-d18f7a0\" data-id=\"d18f7a0\" data-element_type=\"column\">\n\t\t\t<div class=\"elementor-widget-wrap elementor-element-populated\">\n\t\t\t\t\t\t\t<\/div>\n\t\t<\/div>\n\t\t\t\t\t<\/div>\n\t\t<\/section>\n\t\t\t\t\t<\/div>\n\t\t<\/div>\n\t\t\t\t\t<\/div>\n\t\t<\/section>\n\t\t\t\t<\/div>\n\t\t","protected":false},"excerpt":{"rendered":"<p>VEHICULES, CONSTRUCTION MACHINERY AND TRAILER BOOM On the road Discover at Laval Trailer Rentals our selection of robust trucks, specially adapted for towing our trailers and transporting heavy loads. Ideal for construction needs, moving, or any project requiring reliable and secure transport, our trucks offer performance and versatility to meet your professional requirements. Ford F250 [&hellip;]<\/p>\n","protected":false},"author":10,"featured_media":0,"parent":0,"menu_order":0,"comment_status":"closed","ping_status":"closed","template":"","meta":{"footnotes":""},"class_list":["post-4962","page","type-page","status-publish","hentry"],"_links":{"self":[{"href":"https:\/\/locationremorque.staging.wboitemedia.com\/en\/wp-json\/wp\/v2\/pages\/4962","targetHints":{"allow":["GET"]}}],"collection":[{"href":"https:\/\/locationremorque.staging.wboitemedia.com\/en\/wp-json\/wp\/v2\/pages"}],"about":[{"href":"https:\/\/locationremorque.staging.wboitemedia.com\/en\/wp-json\/wp\/v2\/types\/page"}],"author":[{"embeddable":true,"href":"https:\/\/locationremorque.staging.wboitemedia.com\/en\/wp-json\/wp\/v2\/users\/10"}],"replies":[{"embeddable":true,"href":"https:\/\/locationremorque.staging.wboitemedia.com\/en\/wp-json\/wp\/v2\/comments?post=4962"}],"version-history":[{"count":23,"href":"https:\/\/locationremorque.staging.wboitemedia.com\/en\/wp-json\/wp\/v2\/pages\/4962\/revisions"}],"predecessor-version":[{"id":6825,"href":"https:\/\/locationremorque.staging.wboitemedia.com\/en\/wp-json\/wp\/v2\/pages\/4962\/revisions\/6825"}],"wp:attachment":[{"href":"https:\/\/locationremorque.staging.wboitemedia.com\/en\/wp-json\/wp\/v2\/media?parent=4962"}],"curies":[{"name":"wp","href":"https:\/\/api.w.org\/{rel}","templated":true}]}}