{"id":5646,"date":"2023-05-09T10:16:43","date_gmt":"2023-05-09T14:16:43","guid":{"rendered":"https:\/\/www.www.locationremorquelaval.ca\/lifts\/"},"modified":"2024-08-10T22:37:45","modified_gmt":"2024-08-11T02:37:45","slug":"lifts","status":"publish","type":"page","link":"https:\/\/locationremorque.staging.wboitemedia.com\/en\/lifts\/","title":{"rendered":"Man lifts"},"content":{"rendered":"\t\t<div data-elementor-type=\"wp-page\" data-elementor-id=\"5646\" class=\"elementor elementor-5646 elementor-5606\" data-elementor-post-type=\"page\">\n\t\t\t\t\t\t<section class=\"elementor-section elementor-top-section elementor-element elementor-element-2dc8b874 elementor-section-boxed elementor-section-height-default elementor-section-height-default\" data-id=\"2dc8b874\" data-element_type=\"section\">\n\t\t\t\t\t\t<div class=\"elementor-container elementor-column-gap-default\">\n\t\t\t\t\t<div class=\"elementor-column elementor-col-100 elementor-top-column elementor-element elementor-element-24778b04\" data-id=\"24778b04\" data-element_type=\"column\">\n\t\t\t<div class=\"elementor-widget-wrap elementor-element-populated\">\n\t\t\t\t\t\t<div class=\"elementor-element elementor-element-3f17a59d elementor-widget elementor-widget-heading\" data-id=\"3f17a59d\" data-element_type=\"widget\" data-widget_type=\"heading.default\">\n\t\t\t\t<div class=\"elementor-widget-container\">\n\t\t\t<h2 class=\"elementor-heading-title elementor-size-xl\">MANLIFTS<\/h2>\t\t<\/div>\n\t\t\t\t<\/div>\n\t\t\t\t<div class=\"elementor-element elementor-element-e842975 elementor-widget elementor-widget-heading\" data-id=\"e842975\" data-element_type=\"widget\" data-widget_type=\"heading.default\">\n\t\t\t\t<div class=\"elementor-widget-container\">\n\t\t\t<h6 class=\"elementor-heading-title elementor-size-default\">Choice of professional manlift for your work at height.<\/h6>\t\t<\/div>\n\t\t\t\t<\/div>\n\t\t\t\t\t<\/div>\n\t\t<\/div>\n\t\t\t\t\t<\/div>\n\t\t<\/section>\n\t\t\t\t<section class=\"elementor-section elementor-top-section elementor-element elementor-element-2bbf992 elementor-section-boxed elementor-section-height-default elementor-section-height-default\" data-id=\"2bbf992\" data-element_type=\"section\">\n\t\t\t\t\t\t<div class=\"elementor-container elementor-column-gap-default\">\n\t\t\t\t\t<div class=\"elementor-column elementor-col-100 elementor-top-column elementor-element elementor-element-be4f05f\" data-id=\"be4f05f\" data-element_type=\"column\">\n\t\t\t<div class=\"elementor-widget-wrap elementor-element-populated\">\n\t\t\t\t\t\t<section class=\"elementor-section elementor-inner-section elementor-element elementor-element-7da54e3 elementor-section-full_width elementor-section-height-default elementor-section-height-default\" data-id=\"7da54e3\" data-element_type=\"section\">\n\t\t\t\t\t\t<div class=\"elementor-container elementor-column-gap-default\">\n\t\t\t\t\t<div class=\"elementor-column elementor-col-50 elementor-inner-column elementor-element elementor-element-270c4e3\" data-id=\"270c4e3\" data-element_type=\"column\">\n\t\t\t<div class=\"elementor-widget-wrap elementor-element-populated\">\n\t\t\t\t\t\t<div class=\"elementor-element elementor-element-ca0b3e4 elementor-widget elementor-widget-heading\" data-id=\"ca0b3e4\" data-element_type=\"widget\" data-widget_type=\"heading.default\">\n\t\t\t\t<div class=\"elementor-widget-container\">\n\t\t\t<h5 class=\"elementor-heading-title elementor-size-default\"><a href=\"https:\/\/en.locationremorquelaval.ca\/nacelle_skyjack-3215\/\" target=\"_blank\" rel=\"noopener\">Scissor lift (skylift) 3219<\/a><\/h5>\t\t<\/div>\n\t\t\t\t<\/div>\n\t\t\t\t<div class=\"elementor-element elementor-element-9cc32f8 elementor-widget elementor-widget-image\" data-id=\"9cc32f8\" data-element_type=\"widget\" data-widget_type=\"image.default\">\n\t\t\t\t<div class=\"elementor-widget-container\">\n\t\t\t\t\t\t\t\t\t\t\t\t\t\t<a href=\"https:\/\/en.locationremorquelaval.ca\/nacelle_skyjack-3215\/\" target=\"_blank\" rel=\"noopener\">\n\t\t\t\t\t\t\t<img fetchpriority=\"high\" decoding=\"async\" width=\"300\" height=\"227\" src=\"https:\/\/locationremorque.staging.wboitemedia.com\/wp-content\/uploads\/2023\/10\/Skyjack_3215_300-300x227.png\" class=\"attachment-medium size-medium wp-image-6293\" alt=\"\" srcset=\"https:\/\/locationremorque.staging.wboitemedia.com\/wp-content\/uploads\/2023\/10\/Skyjack_3215_300-300x227.png 300w, https:\/\/locationremorque.staging.wboitemedia.com\/wp-content\/uploads\/2023\/10\/Skyjack_3215_300-768x581.png 768w, https:\/\/locationremorque.staging.wboitemedia.com\/wp-content\/uploads\/2023\/10\/Skyjack_3215_300-700x530.png 700w, https:\/\/locationremorque.staging.wboitemedia.com\/wp-content\/uploads\/2023\/10\/Skyjack_3215_300-800x606.png 800w, https:\/\/locationremorque.staging.wboitemedia.com\/wp-content\/uploads\/2023\/10\/Skyjack_3215_300.png 1000w\" sizes=\"(max-width: 300px) 100vw, 300px\" \/>\t\t\t\t\t\t\t\t<\/a>\n\t\t\t\t\t\t\t\t\t\t\t\t\t<\/div>\n\t\t\t\t<\/div>\n\t\t\t\t\t<\/div>\n\t\t<\/div>\n\t\t\t\t<div class=\"elementor-column elementor-col-50 elementor-inner-column elementor-element elementor-element-b83c210\" data-id=\"b83c210\" data-element_type=\"column\">\n\t\t\t<div class=\"elementor-widget-wrap elementor-element-populated\">\n\t\t\t\t\t\t<div class=\"elementor-element elementor-element-a1fe649 elementor-widget elementor-widget-heading\" data-id=\"a1fe649\" data-element_type=\"widget\" data-widget_type=\"heading.default\">\n\t\t\t\t<div class=\"elementor-widget-container\">\n\t\t\t<h5 class=\"elementor-heading-title elementor-size-default\"><a href=\"https:\/\/en.locationremorquelaval.ca\/nacelle_skyjack_3219\/\" target=\"_blank\" rel=\"noopener\">Scissor lift (skylift) 3219<\/a><\/h5>\t\t<\/div>\n\t\t\t\t<\/div>\n\t\t\t\t<div class=\"elementor-element elementor-element-045701f elementor-widget elementor-widget-image\" data-id=\"045701f\" data-element_type=\"widget\" data-widget_type=\"image.default\">\n\t\t\t\t<div class=\"elementor-widget-container\">\n\t\t\t\t\t\t\t\t\t\t\t\t\t\t<a href=\"https:\/\/en.locationremorquelaval.ca\/nacelle_skyjack_3219\/\" target=\"_blank\" rel=\"noopener\">\n\t\t\t\t\t\t\t<img decoding=\"async\" width=\"300\" height=\"227\" src=\"https:\/\/locationremorque.staging.wboitemedia.com\/wp-content\/uploads\/2023\/05\/Skyjack_3219_mini-1.jpg\" class=\"attachment-medium size-medium wp-image-5443\" alt=\"Image montrant un \u00c9l\u00e9vateur \u00e0 ciseau (skylift) 3219 \u00e0 louer chez Location Remorque \u00e0 Laval.\" \/>\t\t\t\t\t\t\t\t<\/a>\n\t\t\t\t\t\t\t\t\t\t\t\t\t<\/div>\n\t\t\t\t<\/div>\n\t\t\t\t\t<\/div>\n\t\t<\/div>\n\t\t\t\t\t<\/div>\n\t\t<\/section>\n\t\t\t\t<section class=\"elementor-section elementor-inner-section elementor-element elementor-element-f31a04e elementor-section-full_width elementor-section-height-default elementor-section-height-default\" data-id=\"f31a04e\" data-element_type=\"section\">\n\t\t\t\t\t\t<div class=\"elementor-container elementor-column-gap-default\">\n\t\t\t\t\t<div class=\"elementor-column elementor-col-50 elementor-inner-column elementor-element elementor-element-bf45693\" data-id=\"bf45693\" data-element_type=\"column\">\n\t\t\t<div class=\"elementor-widget-wrap elementor-element-populated\">\n\t\t\t\t\t\t<div class=\"elementor-element elementor-element-da91a80 elementor-widget elementor-widget-heading\" data-id=\"da91a80\" data-element_type=\"widget\" data-widget_type=\"heading.default\">\n\t\t\t\t<div class=\"elementor-widget-container\">\n\t\t\t<h5 class=\"elementor-heading-title elementor-size-default\"><a href=\"https:\/\/en.locationremorquelaval.ca\/nacelle_skyjack-3220\/\" target=\"_blank\" rel=\"noopener\">Scissor lift (skylift) 3220<\/a><\/h5>\t\t<\/div>\n\t\t\t\t<\/div>\n\t\t\t\t<div class=\"elementor-element elementor-element-9205b64 elementor-widget elementor-widget-image\" data-id=\"9205b64\" data-element_type=\"widget\" data-widget_type=\"image.default\">\n\t\t\t\t<div class=\"elementor-widget-container\">\n\t\t\t\t\t\t\t\t\t\t\t\t\t\t<a href=\"https:\/\/en.locationremorquelaval.ca\/nacelle_skyjack-3220\/\" target=\"_blank\" rel=\"noopener\">\n\t\t\t\t\t\t\t<img decoding=\"async\" width=\"300\" height=\"227\" src=\"https:\/\/locationremorque.staging.wboitemedia.com\/wp-content\/uploads\/2023\/10\/Skyjack_3220_300.png\" class=\"attachment-medium size-medium wp-image-6309\" alt=\"\" \/>\t\t\t\t\t\t\t\t<\/a>\n\t\t\t\t\t\t\t\t\t\t\t\t\t<\/div>\n\t\t\t\t<\/div>\n\t\t\t\t\t<\/div>\n\t\t<\/div>\n\t\t\t\t<div class=\"elementor-column elementor-col-50 elementor-inner-column elementor-element elementor-element-ba0fc14\" data-id=\"ba0fc14\" data-element_type=\"column\">\n\t\t\t<div class=\"elementor-widget-wrap elementor-element-populated\">\n\t\t\t\t\t\t<div class=\"elementor-element elementor-element-4fdb0bf elementor-widget elementor-widget-heading\" data-id=\"4fdb0bf\" data-element_type=\"widget\" data-widget_type=\"heading.default\">\n\t\t\t\t<div class=\"elementor-widget-container\">\n\t\t\t<h5 class=\"elementor-heading-title elementor-size-default\"><a href=\"https:\/\/en.locationremorquelaval.ca\/nacelle_skyjack-3226\/\" target=\"_blank\" rel=\"noopener\">Scissor lift (skylift) 3226<\/a><\/h5>\t\t<\/div>\n\t\t\t\t<\/div>\n\t\t\t\t<div class=\"elementor-element elementor-element-53856e1 elementor-widget elementor-widget-image\" data-id=\"53856e1\" data-element_type=\"widget\" data-widget_type=\"image.default\">\n\t\t\t\t<div class=\"elementor-widget-container\">\n\t\t\t\t\t\t\t\t\t\t\t\t\t\t<a href=\"https:\/\/en.locationremorquelaval.ca\/nacelle_skyjack-3226\/\" target=\"_blank\" rel=\"noopener\">\n\t\t\t\t\t\t\t<img loading=\"lazy\" decoding=\"async\" width=\"300\" height=\"227\" src=\"https:\/\/locationremorque.staging.wboitemedia.com\/wp-content\/uploads\/2023\/10\/Skyjack_3226_300.png\" class=\"attachment-medium size-medium wp-image-6320\" alt=\"\" \/>\t\t\t\t\t\t\t\t<\/a>\n\t\t\t\t\t\t\t\t\t\t\t\t\t<\/div>\n\t\t\t\t<\/div>\n\t\t\t\t\t<\/div>\n\t\t<\/div>\n\t\t\t\t\t<\/div>\n\t\t<\/section>\n\t\t\t\t<section class=\"elementor-section elementor-inner-section elementor-element elementor-element-f5e47fc elementor-section-full_width elementor-section-height-default elementor-section-height-default\" data-id=\"f5e47fc\" data-element_type=\"section\">\n\t\t\t\t\t\t<div class=\"elementor-container elementor-column-gap-default\">\n\t\t\t\t\t<div class=\"elementor-column elementor-col-50 elementor-inner-column elementor-element elementor-element-33fd595\" data-id=\"33fd595\" data-element_type=\"column\">\n\t\t\t<div class=\"elementor-widget-wrap elementor-element-populated\">\n\t\t\t\t\t\t<div class=\"elementor-element elementor-element-3f8ecce elementor-widget elementor-widget-heading\" data-id=\"3f8ecce\" data-element_type=\"widget\" data-widget_type=\"heading.default\">\n\t\t\t\t<div class=\"elementor-widget-container\">\n\t\t\t<h5 class=\"elementor-heading-title elementor-size-default\"><a href=\"https:\/\/en.locationremorquelaval.ca\/vehicule_skyjack_4726\/\" target=\"_blank\" rel=\"noopener\">Scissor lift (skylift) 4726<\/a><\/h5>\t\t<\/div>\n\t\t\t\t<\/div>\n\t\t\t\t<div class=\"elementor-element elementor-element-ce367de elementor-widget elementor-widget-image\" data-id=\"ce367de\" data-element_type=\"widget\" data-widget_type=\"image.default\">\n\t\t\t\t<div class=\"elementor-widget-container\">\n\t\t\t\t\t\t\t\t\t\t\t\t\t\t<a href=\"https:\/\/en.locationremorquelaval.ca\/vehicule_skyjack_4726\/\" target=\"_blank\" rel=\"noopener\">\n\t\t\t\t\t\t\t<img loading=\"lazy\" decoding=\"async\" width=\"300\" height=\"227\" src=\"https:\/\/locationremorque.staging.wboitemedia.com\/wp-content\/uploads\/2023\/05\/Skyjack_4732_mini-1.jpg\" class=\"attachment-medium size-medium wp-image-5445\" alt=\"Image montrant un \u00c9l\u00e9vateur \u00e0 ciseau (skylift) 4726\u200b \u00e0 louer chez Location Remorque Laval \u00e0 Laval.\" \/>\t\t\t\t\t\t\t\t<\/a>\n\t\t\t\t\t\t\t\t\t\t\t\t\t<\/div>\n\t\t\t\t<\/div>\n\t\t\t\t\t<\/div>\n\t\t<\/div>\n\t\t\t\t<div class=\"elementor-column elementor-col-50 elementor-inner-column elementor-element elementor-element-10bceb6\" data-id=\"10bceb6\" data-element_type=\"column\">\n\t\t\t<div class=\"elementor-widget-wrap elementor-element-populated\">\n\t\t\t\t\t\t<div class=\"elementor-element elementor-element-433f90d elementor-widget elementor-widget-heading\" data-id=\"433f90d\" data-element_type=\"widget\" data-widget_type=\"heading.default\">\n\t\t\t\t<div class=\"elementor-widget-container\">\n\t\t\t<h5 class=\"elementor-heading-title elementor-size-default\"><a href=\"https:\/\/en.locationremorquelaval.ca\/trailer-boom-lift-34-feet\/\" target=\"_blank\" rel=\"noopener\">Trailer boom lift 34 feet<\/a><\/h5>\t\t<\/div>\n\t\t\t\t<\/div>\n\t\t\t\t<div class=\"elementor-element elementor-element-bd6abd0 elementor-widget elementor-widget-image\" data-id=\"bd6abd0\" data-element_type=\"widget\" data-widget_type=\"image.default\">\n\t\t\t\t<div class=\"elementor-widget-container\">\n\t\t\t\t\t\t\t\t\t\t\t\t\t\t<a href=\"https:\/\/en.locationremorquelaval.ca\/trailer-boom-lift-34-feet\/\" target=\"_blank\" rel=\"noopener\">\n\t\t\t\t\t\t\t<img loading=\"lazy\" decoding=\"async\" width=\"300\" height=\"227\" src=\"https:\/\/locationremorque.staging.wboitemedia.com\/wp-content\/uploads\/2023\/05\/Niftylift_TOM34_mini-1.jpg\" class=\"attachment-medium size-medium wp-image-5615\" alt=\"Image montrant une Nacelle remorque 34 pi\u200b en couleur verte \u00e0 louer chez Location Remorque Laval \u00e0 Laval.\" \/>\t\t\t\t\t\t\t\t<\/a>\n\t\t\t\t\t\t\t\t\t\t\t\t\t<\/div>\n\t\t\t\t<\/div>\n\t\t\t\t\t<\/div>\n\t\t<\/div>\n\t\t\t\t\t<\/div>\n\t\t<\/section>\n\t\t\t\t<section class=\"elementor-section elementor-inner-section elementor-element elementor-element-98f0389 elementor-section-full_width elementor-section-height-default elementor-section-height-default\" data-id=\"98f0389\" data-element_type=\"section\">\n\t\t\t\t\t\t<div class=\"elementor-container elementor-column-gap-default\">\n\t\t\t\t\t<div class=\"elementor-column elementor-col-50 elementor-inner-column elementor-element elementor-element-7708b45\" data-id=\"7708b45\" data-element_type=\"column\">\n\t\t\t<div class=\"elementor-widget-wrap elementor-element-populated\">\n\t\t\t\t\t\t<div class=\"elementor-element elementor-element-c917bb5 elementor-widget elementor-widget-heading\" data-id=\"c917bb5\" data-element_type=\"widget\" data-widget_type=\"heading.default\">\n\t\t\t\t<div class=\"elementor-widget-container\">\n\t\t\t<h5 class=\"elementor-heading-title elementor-size-default\"><a href=\"https:\/\/en.locationremorquelaval.ca\/nacelle_50pi\/\" target=\"_blank\" rel=\"noopener\">Trailer boom lift 50 feet<\/a><\/h5>\t\t<\/div>\n\t\t\t\t<\/div>\n\t\t\t\t<div class=\"elementor-element elementor-element-742da33 elementor-widget elementor-widget-image\" data-id=\"742da33\" data-element_type=\"widget\" data-widget_type=\"image.default\">\n\t\t\t\t<div class=\"elementor-widget-container\">\n\t\t\t\t\t\t\t\t\t\t\t\t\t\t<a href=\"https:\/\/en.locationremorquelaval.ca\/nacelle_50pi\/\" target=\"_blank\" rel=\"noopener\">\n\t\t\t\t\t\t\t<img loading=\"lazy\" decoding=\"async\" width=\"300\" height=\"227\" src=\"https:\/\/locationremorque.staging.wboitemedia.com\/wp-content\/uploads\/2023\/05\/Niftylift_TM50_mini-1.jpg\" class=\"attachment-medium size-medium wp-image-5617\" alt=\"Image montrant une Nacelle remorque 50 pi\u200b verte \u00e0 louer chez Location Remorque Laval \u00e0 Laval.\" \/>\t\t\t\t\t\t\t\t<\/a>\n\t\t\t\t\t\t\t\t\t\t\t\t\t<\/div>\n\t\t\t\t<\/div>\n\t\t\t\t\t<\/div>\n\t\t<\/div>\n\t\t\t\t<div class=\"elementor-column elementor-col-50 elementor-inner-column elementor-element elementor-element-7ad8cd0\" data-id=\"7ad8cd0\" data-element_type=\"column\">\n\t\t\t<div class=\"elementor-widget-wrap elementor-element-populated\">\n\t\t\t\t\t\t<div class=\"elementor-element elementor-element-282533a elementor-widget elementor-widget-heading\" data-id=\"282533a\" data-element_type=\"widget\" data-widget_type=\"heading.default\">\n\t\t\t\t<div class=\"elementor-widget-container\">\n\t\t\t<h5 class=\"elementor-heading-title elementor-size-default\"><a href=\"https:\/\/en.locationremorquelaval.ca\/nacelle_65pi\/\" target=\"_blank\" rel=\"noopener\">Trailer boom lift 65 feet<\/a><\/h5>\t\t<\/div>\n\t\t\t\t<\/div>\n\t\t\t\t<div class=\"elementor-element elementor-element-d7a3698 elementor-widget elementor-widget-image\" data-id=\"d7a3698\" data-element_type=\"widget\" data-widget_type=\"image.default\">\n\t\t\t\t<div class=\"elementor-widget-container\">\n\t\t\t\t\t\t\t\t\t\t\t\t\t\t<a href=\"https:\/\/en.locationremorquelaval.ca\/nacelle_65pi\/\" target=\"_blank\" rel=\"noopener\">\n\t\t\t\t\t\t\t<img loading=\"lazy\" decoding=\"async\" width=\"300\" height=\"227\" src=\"https:\/\/locationremorque.staging.wboitemedia.com\/wp-content\/uploads\/2023\/05\/Haulotte5533A_mini-1.jpg\" class=\"attachment-medium size-medium wp-image-5619\" alt=\"Image montrant une Nacelle remorque 50 pi\u200b verte \u00e0 louer chez Location Remorque Laval \u00e0 Laval. Nacelle remorque t\u00e9lescopique longue port\u00e9e 50 pi. Louer nacelle pour \u00e9v\u00e9nements sp\u00e9ciaux 50 pieds. Location nacelle facile \u00e0 utiliser 50 pi. Nacelle 50 pieds pour travaux ext\u00e9rieurs. Nacelle remorque \u00e9lectrique 50 pieds. Location nacelle remorque 50 pieds. Nacelle remorque 50 pi \u00e0 louer. Louer nacelle 50 pieds sur remorque. Location nacelle a\u00e9rienne 50 pi. Location nacelle \u00e9l\u00e9vatrice 50 pieds.\" \/>\t\t\t\t\t\t\t\t<\/a>\n\t\t\t\t\t\t\t\t\t\t\t\t\t<\/div>\n\t\t\t\t<\/div>\n\t\t\t\t\t<\/div>\n\t\t<\/div>\n\t\t\t\t\t<\/div>\n\t\t<\/section>\n\t\t\t\t\t<\/div>\n\t\t<\/div>\n\t\t\t\t\t<\/div>\n\t\t<\/section>\n\t\t\t\t<\/div>\n\t\t","protected":false},"excerpt":{"rendered":"<p>MANLIFTS Choice of professional manlift for your work at height. Scissor lift (skylift) 3219 Scissor lift (skylift) 3219 Scissor lift (skylift) 3220 Scissor lift (skylift) 3226 Scissor lift (skylift) 4726 Trailer boom lift 34 feet Trailer boom lift 50 feet Trailer boom lift 65 feet<\/p>\n","protected":false},"author":10,"featured_media":0,"parent":0,"menu_order":0,"comment_status":"closed","ping_status":"closed","template":"","meta":{"footnotes":""},"class_list":["post-5646","page","type-page","status-publish","hentry"],"_links":{"self":[{"href":"https:\/\/locationremorque.staging.wboitemedia.com\/en\/wp-json\/wp\/v2\/pages\/5646","targetHints":{"allow":["GET"]}}],"collection":[{"href":"https:\/\/locationremorque.staging.wboitemedia.com\/en\/wp-json\/wp\/v2\/pages"}],"about":[{"href":"https:\/\/locationremorque.staging.wboitemedia.com\/en\/wp-json\/wp\/v2\/types\/page"}],"author":[{"embeddable":true,"href":"https:\/\/locationremorque.staging.wboitemedia.com\/en\/wp-json\/wp\/v2\/users\/10"}],"replies":[{"embeddable":true,"href":"https:\/\/locationremorque.staging.wboitemedia.com\/en\/wp-json\/wp\/v2\/comments?post=5646"}],"version-history":[{"count":22,"href":"https:\/\/locationremorque.staging.wboitemedia.com\/en\/wp-json\/wp\/v2\/pages\/5646\/revisions"}],"predecessor-version":[{"id":107837,"href":"https:\/\/locationremorque.staging.wboitemedia.com\/en\/wp-json\/wp\/v2\/pages\/5646\/revisions\/107837"}],"wp:attachment":[{"href":"https:\/\/locationremorque.staging.wboitemedia.com\/en\/wp-json\/wp\/v2\/media?parent=5646"}],"curies":[{"name":"wp","href":"https:\/\/api.w.org\/{rel}","templated":true}]}}